{"id":2405,"date":"2025-09-26T15:21:27","date_gmt":"2025-09-26T15:21:27","guid":{"rendered":"https:\/\/healthnest.be\/fr\/?page_id=2405"},"modified":"2026-03-10T10:31:26","modified_gmt":"2026-03-10T10:31:26","slug":"evenements-a-venir","status":"publish","type":"page","link":"https:\/\/healthnest.be\/fr\/evenements-a-venir\/","title":{"rendered":"\u00c9v\u00e9nements \u00e0 venir"},"content":{"rendered":"<hr class=\"mh-separator mh-separator--842444dd957ec5c8404dba86755244d9\" aria-hidden=\"true\" \/>\n\n\n<hr class=\"mh-spacer mh-spacer--a0bdafbacb34faf9bf34abc81ff6157e\" aria-hidden=\"true\" \/>\n\n\n\n<p\n    class=\"mh-paragraph mh-paragraph--0e7d1f2c5a70976c369fce17f29c2d12\"\n    >\n    Restez \u00e0 l\u2019\u00e9coute pour l\u2019annonce de notre prochain \u00e9v\u00e9nement HealthNest\u00a0!<\/p>\n","protected":false},"excerpt":{"rendered":"","protected":false},"author":1295,"featured_media":0,"parent":0,"menu_order":0,"comment_status":"closed","ping_status":"closed","template":"","meta":{"_mh_page_language":"en_US","_mh_page_is_rtl":false,"editor_notices":[],"footnotes":""},"class_list":["post-2405","page","type-page","status-publish","hentry"],"yoast_head":"<!-- This site is optimized with the Yoast SEO plugin v23.9 - https:\/\/yoast.com\/wordpress\/plugins\/seo\/ -->\n<title>\u00c9v\u00e9nements \u00e0 venir - Healthnest-FR<\/title>\n<meta name=\"description\" content=\"Nous organisons la prochaine HealthNest Conference le 19 janvier 2026, avec pour th\u00e8me la Digital Health Literacy. Envie d\u2019en savoir plus ?\" \/>\n<meta name=\"robots\" content=\"index, follow, max-snippet:-1, max-image-preview:large, max-video-preview:-1\" \/>\n<link rel=\"canonical\" href=\"https:\/\/healthnest.be\/fr\/evenements-a-venir\/\" \/>\n<meta property=\"og:locale\" content=\"en_US\" \/>\n<meta property=\"og:type\" content=\"article\" \/>\n<meta property=\"og:title\" content=\"\u00c9v\u00e9nements \u00e0 venir - Healthnest-FR\" \/>\n<meta property=\"og:description\" content=\"Nous organisons la prochaine HealthNest Conference le 19 janvier 2026, avec pour th\u00e8me la Digital Health Literacy. Envie d\u2019en savoir plus ?\" \/>\n<meta property=\"og:url\" content=\"https:\/\/healthnest.be\/fr\/evenements-a-venir\/\" \/>\n<meta property=\"og:site_name\" content=\"Healthnest-FR\" \/>\n<meta property=\"article:modified_time\" content=\"2026-03-10T10:31:26+00:00\" \/>\n<meta name=\"twitter:card\" content=\"summary_large_image\" \/>\n<script type=\"application\/ld+json\" class=\"yoast-schema-graph\">{\"@context\":\"https:\/\/schema.org\",\"@graph\":[{\"@type\":\"WebPage\",\"@id\":\"https:\/\/healthnest.be\/fr\/evenements-a-venir\/\",\"url\":\"https:\/\/healthnest.be\/fr\/evenements-a-venir\/\",\"name\":\"\u00c9v\u00e9nements \u00e0 venir - Healthnest-FR\",\"isPartOf\":{\"@id\":\"https:\/\/healthnest.be\/fr\/#website\"},\"datePublished\":\"2025-09-26T15:21:27+00:00\",\"dateModified\":\"2026-03-10T10:31:26+00:00\",\"description\":\"Nous organisons la prochaine HealthNest Conference le 19 janvier 2026, avec pour th\u00e8me la Digital Health Literacy. Envie d\u2019en savoir plus ?\",\"breadcrumb\":{\"@id\":\"https:\/\/healthnest.be\/fr\/evenements-a-venir\/#breadcrumb\"},\"inLanguage\":\"en-US\",\"potentialAction\":[{\"@type\":\"ReadAction\",\"target\":[\"https:\/\/healthnest.be\/fr\/evenements-a-venir\/\"]}]},{\"@type\":\"BreadcrumbList\",\"@id\":\"https:\/\/healthnest.be\/fr\/evenements-a-venir\/#breadcrumb\",\"itemListElement\":[{\"@type\":\"ListItem\",\"position\":1,\"name\":\"Home\",\"item\":\"https:\/\/healthnest.be\/fr\/\"},{\"@type\":\"ListItem\",\"position\":2,\"name\":\"\u00c9v\u00e9nements \u00e0 venir\"}]},{\"@type\":\"WebSite\",\"@id\":\"https:\/\/healthnest.be\/fr\/#website\",\"url\":\"https:\/\/healthnest.be\/fr\/\",\"name\":\"Healthnest-FR\",\"description\":\"Just another mhh-global.com site\",\"potentialAction\":[{\"@type\":\"SearchAction\",\"target\":{\"@type\":\"EntryPoint\",\"urlTemplate\":\"https:\/\/healthnest.be\/fr\/?s={search_term_string}\"},\"query-input\":{\"@type\":\"PropertyValueSpecification\",\"valueRequired\":true,\"valueName\":\"search_term_string\"}}],\"inLanguage\":\"en-US\"}]}<\/script>\n<!-- \/ Yoast SEO plugin. -->","yoast_head_json":{"title":"\u00c9v\u00e9nements \u00e0 venir - Healthnest-FR","description":"Nous organisons la prochaine HealthNest Conference le 19 janvier 2026, avec pour th\u00e8me la Digital Health Literacy. Envie d\u2019en savoir plus ?","robots":{"index":"index","follow":"follow","max-snippet":"max-snippet:-1","max-image-preview":"max-image-preview:large","max-video-preview":"max-video-preview:-1"},"canonical":"https:\/\/healthnest.be\/fr\/evenements-a-venir\/","og_locale":"en_US","og_type":"article","og_title":"\u00c9v\u00e9nements \u00e0 venir - Healthnest-FR","og_description":"Nous organisons la prochaine HealthNest Conference le 19 janvier 2026, avec pour th\u00e8me la Digital Health Literacy. Envie d\u2019en savoir plus ?","og_url":"https:\/\/healthnest.be\/fr\/evenements-a-venir\/","og_site_name":"Healthnest-FR","article_modified_time":"2026-03-10T10:31:26+00:00","twitter_card":"summary_large_image","schema":{"@context":"https:\/\/schema.org","@graph":[{"@type":"WebPage","@id":"https:\/\/healthnest.be\/fr\/evenements-a-venir\/","url":"https:\/\/healthnest.be\/fr\/evenements-a-venir\/","name":"\u00c9v\u00e9nements \u00e0 venir - Healthnest-FR","isPartOf":{"@id":"https:\/\/healthnest.be\/fr\/#website"},"datePublished":"2025-09-26T15:21:27+00:00","dateModified":"2026-03-10T10:31:26+00:00","description":"Nous organisons la prochaine HealthNest Conference le 19 janvier 2026, avec pour th\u00e8me la Digital Health Literacy. Envie d\u2019en savoir plus ?","breadcrumb":{"@id":"https:\/\/healthnest.be\/fr\/evenements-a-venir\/#breadcrumb"},"inLanguage":"en-US","potentialAction":[{"@type":"ReadAction","target":["https:\/\/healthnest.be\/fr\/evenements-a-venir\/"]}]},{"@type":"BreadcrumbList","@id":"https:\/\/healthnest.be\/fr\/evenements-a-venir\/#breadcrumb","itemListElement":[{"@type":"ListItem","position":1,"name":"Home","item":"https:\/\/healthnest.be\/fr\/"},{"@type":"ListItem","position":2,"name":"\u00c9v\u00e9nements \u00e0 venir"}]},{"@type":"WebSite","@id":"https:\/\/healthnest.be\/fr\/#website","url":"https:\/\/healthnest.be\/fr\/","name":"Healthnest-FR","description":"Just another mhh-global.com site","potentialAction":[{"@type":"SearchAction","target":{"@type":"EntryPoint","urlTemplate":"https:\/\/healthnest.be\/fr\/?s={search_term_string}"},"query-input":{"@type":"PropertyValueSpecification","valueRequired":true,"valueName":"search_term_string"}}],"inLanguage":"en-US"}]}},"_links":{"self":[{"href":"https:\/\/healthnest.be\/fr\/wp-json\/wp\/v2\/pages\/2405","targetHints":{"allow":["GET"]}}],"collection":[{"href":"https:\/\/healthnest.be\/fr\/wp-json\/wp\/v2\/pages"}],"about":[{"href":"https:\/\/healthnest.be\/fr\/wp-json\/wp\/v2\/types\/page"}],"author":[{"embeddable":true,"href":"https:\/\/healthnest.be\/fr\/wp-json\/wp\/v2\/users\/1295"}],"replies":[{"embeddable":true,"href":"https:\/\/healthnest.be\/fr\/wp-json\/wp\/v2\/comments?post=2405"}],"version-history":[{"count":9,"href":"https:\/\/healthnest.be\/fr\/wp-json\/wp\/v2\/pages\/2405\/revisions"}],"predecessor-version":[{"id":2567,"href":"https:\/\/healthnest.be\/fr\/wp-json\/wp\/v2\/pages\/2405\/revisions\/2567"}],"wp:attachment":[{"href":"https:\/\/healthnest.be\/fr\/wp-json\/wp\/v2\/media?parent=2405"}],"curies":[{"name":"wp","href":"https:\/\/api.w.org\/{rel}","templated":true}]}}